{"id":106,"date":"2020-08-19T18:46:06","date_gmt":"2020-08-19T18:46:06","guid":{"rendered":"http:\/\/stq2020.stqsystems.de\/?page_id=106"},"modified":"2020-08-19T18:46:07","modified_gmt":"2020-08-19T18:46:07","slug":"impressum","status":"publish","type":"page","link":"https:\/\/stq2020.stqsystems.de\/?page_id=106","title":{"rendered":"Impressum"},"content":{"rendered":"\n<style type=\"text\/css\" data-created_by=\"avia_inline_auto\" id=\"style-css-av-lidea-a5d63e2044060b5918e42298caff6f8f\">\n.flex_column.av-lidea-a5d63e2044060b5918e42298caff6f8f{\n-webkit-border-radius:0px 0px 0px 0px;\n-moz-border-radius:0px 0px 0px 0px;\nborder-radius:0px 0px 0px 0px;\npadding:0px 0px 0px 0px;\n}\n<\/style>\n<div class='flex_column av-lidea-a5d63e2044060b5918e42298caff6f8f av_one_full  avia-builder-el-0  el_before_av_two_third  avia-builder-el-first  first flex_column_div av-zero-column-padding '     ><style type=\"text\/css\" data-created_by=\"avia_inline_auto\" id=\"style-css-av-g68qa-698923859475477a557cea239f5077ec\">\n.avia-image-container.av-g68qa-698923859475477a557cea239f5077ec img.avia_image{\nbox-shadow:none;\n}\n.avia-image-container.av-g68qa-698923859475477a557cea239f5077ec .av-image-caption-overlay-center{\ncolor:#ffffff;\n}\n<\/style>\n<div  class='avia-image-container av-g68qa-698923859475477a557cea239f5077ec av-styling- avia-align-center  avia-builder-el-1  avia-builder-el-no-sibling '   itemprop=\"image\" itemscope=\"itemscope\" itemtype=\"https:\/\/schema.org\/ImageObject\" ><div class=\"avia-image-container-inner\"><div class=\"avia-image-overlay-wrap\"><img class='wp-image-112 avia-img-lazy-loading-not-112 avia_image ' src=\"https:\/\/stq2020.stqsystems.de\/wp-content\/uploads\/2020\/08\/577166_1500x520_R_K_by_Tony-Hegewald_pixelio.de_-845x321.png\" alt='' title='577166_1500x520_R_K_by_Tony Hegewald_pixelio.de'  height=\"321\" width=\"845\"  itemprop=\"thumbnailUrl\"  \/><\/div><\/div><\/div><\/div>\n<style type=\"text\/css\" data-created_by=\"avia_inline_auto\" id=\"style-css-av-aeoia-ec7a2eb566a919aefcfb8cd118a8cee1\">\n.flex_column.av-aeoia-ec7a2eb566a919aefcfb8cd118a8cee1{\n-webkit-border-radius:0px 0px 0px 0px;\n-moz-border-radius:0px 0px 0px 0px;\nborder-radius:0px 0px 0px 0px;\npadding:0px 0px 0px 0px;\n}\n<\/style>\n<div class='flex_column av-aeoia-ec7a2eb566a919aefcfb8cd118a8cee1 av_two_third  avia-builder-el-2  el_after_av_one_full  avia-builder-el-last  first flex_column_div av-zero-column-padding column-top-margin'     ><section  class='av_textblock_section av-ke1pdgla-c7b0dfce89891f3be96f12486a4599dc'  itemscope=\"itemscope\" itemtype=\"https:\/\/schema.org\/CreativeWork\" ><div class='avia_textblock'  itemprop=\"text\" ><h4>STQsystems Unternehmensdaten<\/h4>\n<p>Firma\u00a0STQsystems<\/p>\n<p>Unternehmensberatung<br \/>\nf\u00fcr Qualit\u00e4tsmanagement f\u00fcr Technologieunternehmen<br \/>\nAbk\u00fcrzung:\u00a0STQsystems<br \/>\nSitz:<br \/>\nKirchenstra\u00dfe 21<br \/>\n25368 Kiebitzreihe<br \/>\nDeutschland<br \/>\nKommunikation:<br \/>\nTel.: +49-4121-7809777<br \/>\nFax: +49-4121-7809778<br \/>\nE-Mail: info@stqsystems.de<br \/>\nInternet: www.stqsystems.de<\/p>\n<h6>\nInhaber \/\u00a0Gesch\u00e4ftsf\u00fchrung:<\/h6>\n<p>Dr. Waldemar Weinberg<br \/>\nUSt.-IdNr.:\u00a0DE 243933705<br \/>\nGr\u00fcndungsjahr:\u00a02005<\/p>\n<h6>Bankverbindung:<\/h6>\n<p>Volksbank Elmshorn<br \/>\nBLZ 22191435<br \/>\nKto.Nr. 14473860<br \/>\nBIC GENODEF1ELM<br \/>\nIBAN DE81 2219 1435 0014 4738 60<\/p>\n<h6>\nWarenzeichen:<\/h6>\n<p>STQsystems Logo<br \/>\nKontakt: webmaster@stqsystems.de<br \/>\nPhotos: www.pixelio.de, Fotografen:<\/p>\n<h6>\nRechtshinweis<br \/>\nDatenschutz \/Externe WebSites<\/h6>\n<p>Wir machen darauf aufmerksam, dass auf externen WebSites, die \u00fcber die STQsystems-WebSite verlinkt sind, Daten erhoben werden k\u00f6nnen, die nicht an STQsystems gelangen und deren Verwendung nicht in der Verantwortung von STQsystems liegt.<br \/>\nDatensicherheit bei Eingaben<br \/>\nDer Zugriff auf die STQsystems-WebSite erfolgt \u00fcber ein offenes https-Protokoll. Von Besuchern der STQsystems-WebSite eingegebene Daten k\u00f6nnen w\u00e4hrend der Transaktion gegebenenfalls von Dritten erfasst werden. Dies liegt au\u00dferhalb des Einfluss- und Verantwortungsbereiches von STQsystems.<br \/>\nCopyright und Urheberrechte:<br \/>\nDiese Website und alle darin enthaltenen Beitr\u00e4ge und Abbildungen sind urheberrechtlich gesch\u00fctzt. Jede Verwertung au\u00dferhalb der engen Grenzen des Urheberrechtsgesetzes ist ohne vorherige schriftliche Zustimmung von STQsystems unzul\u00e4ssig und untersagt.<br \/>\nCopyright eingebundener WebSites<br \/>\nDas Copyright erstreckt sich ebenfalls auf in die STQsystems Web-Site eingebundene Inhalte von WebSite-Partnern. Grundlage f\u00fcr die Einbindung von WebSite-Partner-Inhalten sind bilaterale Vertr\u00e4ge zwischen dem WebSite-Partner und STQsystems. Das Copyright und die Urheberrechte der STQsystems -WebSite-Partner sind gleicherma\u00dfen zu beachten.<\/p>\n<h6>Alle Rechte vorbehalten<\/h6>\n<p>Nachdruck und Weiterverbreitung sowie elektronische Archivierung oder elektronische Bereitstellung der Inhalte sind nur mit vorheriger schriftlicher Erlaubnis von STQsystems gestattet. Alle Rechte vorbehalten.<\/p>\n<h6>\nKeine Gew\u00e4hr und Haftung<\/h6>\n<p>Die Redaktion \u00fcbernimmt trotz sorgf\u00e4ltiger Recherche und \u00dcberpr\u00fcfung der zugrundeliegenden Quellen keine Gew\u00e4hr f\u00fcr den Inhalt. Jegliche Haftung f\u00fcr aus der Berichterstattung oder Inhalten dieser WebSite entstandene Nachteile oder Sch\u00e4den sind ausgeschlossen. Es besteht lediglich das Recht auf die Ver\u00f6ffentlichung einer Richtigstellung oder Gegendarstellung.<br \/>\nKeine Verantwortung f\u00fcr Inhalt und Richtigkeit von Autorenmeinungen<br \/>\nSTQsystems haftet nicht f\u00fcr unverlangt eingesandte Manuskripte, Unterlagen, Grafiken und Fotos. Die Beitr\u00e4ge geben die Meinung der Autoren wieder, die nicht der Meinung der Redaktion entsprechen muss. STQsystems \u00fcbernimmt keinerlei Verantwortung f\u00fcr Inhalt und Richtigkeit der Aussagen.<br \/>\nNutzung des Informationsangebotes<br \/>\nBitte beachten Sie, dass die Informationen auf dieser WebSite und in unseren Publikationen ausschlie\u00dflich nur f\u00fcr Ihren pers\u00f6nlichen Gebrauch bestimmt sind. Jegliche Verarbeitung, Vervielf\u00e4ltigung oder Weiterverbreitung, auch und insbesondere auf elektronischem Weg, verst\u00f6\u00dft gegen Urheberrecht und ist strafbar. Dies schlie\u00dft die Inhalte externer, \u00fcber die STQsystems -WebSite referenzierter Seiten und WebSites ein. F\u00fcr die Verwendung von STQsystems -Beitr\u00e4gen, -Inhalten und -Abbildungen ist die vorherige schriftliche Einverst\u00e4ndniserkl\u00e4rung von STQsystems erforderlich. Ausz\u00fcge aus STQsystems -Publikationen mit ISBN oder ISSN k\u00f6nnen im Rahmen von Copyright, Urheberrecht, Pressegesetz und den Regeln wissenschaftlicher Arbeitsweise verwendet werden, wenn sie entsprechend zitiert und mit der Quelle kenntlich gemacht werden.<\/p>\n<h6>\nKeine Haftung f\u00fcr externe Links<\/h6>\n<p>Mit dem Urteil vom 12. September 1999 &#8211; 312 O 85\/99 &#8218;Haftung f\u00fcr Links&#8216; hat das Landgericht Hamburg entschieden, dass man durch die Ausbringung eines Links die Inhalte der gelinkten Seite gegebenenfalls mit zu verantworten hat. Dieses kann laut Urteil des Landesgerichts nur dadurch verhindert werden, dass\u00a0man sich ausdr\u00fccklich von diesen Inhalten distanziert, was wir hiermit tun.<br \/>\nVerlinkungen auf externe Seiten und WebSites<br \/>\nBei einfachen URL-Links zu externen Seiten oder WebSites handelt es sich Verzweigungen auf \u00f6ffentlich zug\u00e4ngliche Informationsangebote auf der jeweils verlinkten WebSite. STQsystems pr\u00fcft nicht generell, ob die Zul\u00e4ssigkeit der Verlinkung von der STQsystems -WebSite aus gegeben ist. Sollte Ihre WebSite von unserer WebSite aus verlinkt sein und w\u00fcnschen Sie diese Verlinkung nicht, teilen Sie uns dies bitte mit. Wir werden den Link unverz\u00fcglich entfernen.<\/p>\n<h6>\nAktualit\u00e4t von Links<\/h6>\n<p>Alle Links zu externen Anbietern wurden zum Zeitpunkt ihrer Aufnahme auf ihre Richtigkeit \u00fcberpr\u00fcft. Da sich das Internet kontinuierlich wandelt, kann STQsystems nicht sicherstellen, dass diese Links zum Zeitpunkt des Besuchs unserer WebSite<br \/>\na) noch zum Ziel f\u00fchren oder<br \/>\nb) noch dieselben Inhalte besitzen wie zum Zeitpunkt der Aufnahme.<br \/>\nInsbesondere macht sich STQsystems nicht die Inhalte der Links zu Eigen. STQsystems \u00fcbernimmt keinerlei Verantwortung f\u00fcr Inhalte und Funktionsweisen dieser Seiten. Links zu externen Anbietern stellen keine Wertung und keine Empfehlung von STQsystems dar.<br \/>\nWenn Sie auf unserer WebSite auf ung\u00fcltige oder fehlerbehaftete Links sto\u00dfen oder Verweise finden, die gegen rechtliche Vorgaben oder gute Sitten versto\u00dfen, teilen Sie uns dies bitte mit.<br \/>\nVerlinkungen auf die STQSYSTEMS WebSite:<br \/>\nVerlinkungen auf die STQsystems -WebSite sind zul\u00e4ssig, wenn sie dem Zwecke der weitergehenden Information eines Besuchers einer anderen WebSite dienen. Verlinkungen mit offensichtlicher Fehlleitung von Besuchern aus einem nicht durch die STQsystems -WebSite abgedeckten fachlichen Zusammenhang heraus, sind untersagt. Alle Verlinkungen von Websites Dritter haben auf folgende URL zu erfolgen: https:\/\/www.STQsystems.net<\/p>\n<h6>\nInhaltlich verantwortlich im Sinne des MDStV<\/h6>\n<p>Im Sinne des \u00a7 6 des Mediendienstestaatsvertrages ist f\u00fcr die eigenen Inhalte der STQsystems Webseite Dr. Waldemar Weinberg verantwortlich.<br \/>\nIm Sinne des Presserechts ist f\u00fcr die eigenen Inhalte der STQsystems Webseite Dr. Waldemar Weinberg verantwortlich.<br \/>\nIm \u00dcbrigen gelten die Allgemeinen Gesch\u00e4ftsbedingungen (AGB) der STQsystems, Unternehmensberatung Dr. Waldemar Weinberg<\/p>\n<p>STQsystems Unternehmensberatung Dr. Waldemar Weinberg<br \/>\nKiebitzreihe, Mai 2020<br \/>\n\u00a9 STQsystems 2005 &#8211; 2020<\/p>\n<\/div><\/section><\/div><\/p>\n","protected":false},"excerpt":{"rendered":"","protected":false},"author":1,"featured_media":0,"parent":0,"menu_order":0,"comment_status":"closed","ping_status":"closed","template":"","meta":[],"_links":{"self":[{"href":"https:\/\/stq2020.stqsystems.de\/index.php?rest_route=\/wp\/v2\/pages\/106"}],"collection":[{"href":"https:\/\/stq2020.stqsystems.de\/index.php?rest_route=\/wp\/v2\/pages"}],"about":[{"href":"https:\/\/stq2020.stqsystems.de\/index.php?rest_route=\/wp\/v2\/types\/page"}],"author":[{"embeddable":true,"href":"https:\/\/stq2020.stqsystems.de\/index.php?rest_route=\/wp\/v2\/users\/1"}],"replies":[{"embeddable":true,"href":"https:\/\/stq2020.stqsystems.de\/index.php?rest_route=%2Fwp%2Fv2%2Fcomments&post=106"}],"version-history":[{"count":8,"href":"https:\/\/stq2020.stqsystems.de\/index.php?rest_route=\/wp\/v2\/pages\/106\/revisions"}],"predecessor-version":[{"id":146,"href":"https:\/\/stq2020.stqsystems.de\/index.php?rest_route=\/wp\/v2\/pages\/106\/revisions\/146"}],"wp:attachment":[{"href":"https:\/\/stq2020.stqsystems.de\/index.php?rest_route=%2Fwp%2Fv2%2Fmedia&parent=106"}],"curies":[{"name":"wp","href":"https:\/\/api.w.org\/{rel}","templated":true}]}}