{"id":130,"date":"2020-08-21T06:47:59","date_gmt":"2020-08-21T06:47:59","guid":{"rendered":"http:\/\/stq2020.stqsystems.de\/?page_id=130"},"modified":"2020-08-21T06:54:03","modified_gmt":"2020-08-21T06:54:03","slug":"agb","status":"publish","type":"page","link":"https:\/\/stq2020.stqsystems.de\/?page_id=130","title":{"rendered":"AGB"},"content":{"rendered":"\n<style type=\"text\/css\" data-created_by=\"avia_inline_auto\" id=\"style-css-av-1k78y-85d7f6601661c9c4adb67f8b15218932\">\n.flex_column.av-1k78y-85d7f6601661c9c4adb67f8b15218932{\n-webkit-border-radius:0px 0px 0px 0px;\n-moz-border-radius:0px 0px 0px 0px;\nborder-radius:0px 0px 0px 0px;\npadding:0px 0px 0px 0px;\n}\n<\/style>\n<div class='flex_column av-1k78y-85d7f6601661c9c4adb67f8b15218932 av_one_full  avia-builder-el-0  el_before_av_two_third  avia-builder-el-first  first flex_column_div av-zero-column-padding '     ><style type=\"text\/css\" data-created_by=\"avia_inline_auto\" id=\"style-css-av-ke3vg2ei-b999e09826f933a5cbe4a1b322bcb509\">\n.avia-image-container.av-ke3vg2ei-b999e09826f933a5cbe4a1b322bcb509 img.avia_image{\nbox-shadow:none;\n}\n.avia-image-container.av-ke3vg2ei-b999e09826f933a5cbe4a1b322bcb509 .av-image-caption-overlay-center{\ncolor:#ffffff;\n}\n<\/style>\n<div  class='avia-image-container av-ke3vg2ei-b999e09826f933a5cbe4a1b322bcb509 av-styling- avia-align-center  avia-builder-el-1  avia-builder-el-no-sibling '   itemprop=\"image\" itemscope=\"itemscope\" itemtype=\"https:\/\/schema.org\/ImageObject\" ><div class=\"avia-image-container-inner\"><div class=\"avia-image-overlay-wrap\"><img class='wp-image-131 avia-img-lazy-loading-not-131 avia_image ' src=\"https:\/\/stq2020.stqsystems.de\/wp-content\/uploads\/2020\/08\/AGB.png\" alt='' title='AGB'  height=\"200\" width=\"600\"  itemprop=\"thumbnailUrl\" srcset=\"https:\/\/stq2020.stqsystems.de\/wp-content\/uploads\/2020\/08\/AGB.png 600w, https:\/\/stq2020.stqsystems.de\/wp-content\/uploads\/2020\/08\/AGB-300x100.png 300w\" sizes=\"(max-width: 600px) 100vw, 600px\" \/><\/div><\/div><\/div><\/div>\n<style type=\"text\/css\" data-created_by=\"avia_inline_auto\" id=\"style-css-av-9c0ju-2748d56deb74e20c84fd75b560de98d4\">\n.flex_column.av-9c0ju-2748d56deb74e20c84fd75b560de98d4{\n-webkit-border-radius:0px 0px 0px 0px;\n-moz-border-radius:0px 0px 0px 0px;\nborder-radius:0px 0px 0px 0px;\npadding:0px 0px 0px 0px;\n}\n<\/style>\n<div class='flex_column av-9c0ju-2748d56deb74e20c84fd75b560de98d4 av_two_third  avia-builder-el-2  el_after_av_one_full  avia-builder-el-last  first flex_column_div av-zero-column-padding column-top-margin'     ><section  class='av_textblock_section av-ke3vfe15-953239c5672e55506322b047ee4529a1'  itemscope=\"itemscope\" itemtype=\"https:\/\/schema.org\/CreativeWork\" ><div class='avia_textblock'  itemprop=\"text\" ><h4>STQsystems, Unternehmensberatung Dr. Waldemar Weinberg<\/h4>\n<h4>\nAllgemeine Gesch\u00e4ftsbedingungen der STQsystems Unternehmensberatung, Dr. Waldemar Weinberg, f\u00fcr die Durchf\u00fchrung von Beratungs-, Konzept- und Seminararbeiten.<\/h4>\n<h1><\/h1>\n<h6>\nStand: 01.08.2020<\/h6>\n<h1><\/h1>\n<h5>\n\u00a7 1 Geltungsbereich<\/h5>\n<p>Diese Bedingungen gelten zwischen der STQsystems Unternehmensberatung Dr. Waldemar Weinberg, Kiebitzreihe &#8211; nachstehend STQsystems genannt &#8211; und ihren Auftraggebern f\u00fcr alle Auftr\u00e4ge \u00fcber Beratungs-, Konzept- und Seminararbeiten sowie \u00e4hnliche Dienstleistungen, soweit nicht anders vereinbart.<\/p>\n<h5>\n\u00a7 2 Gegenstand<\/h5>\n<p>Gegenstand des Vertrages ist die vereinbarte Dienstleistung (T\u00e4tigkeit), die nach den Grunds\u00e4tzen ordnungsgem\u00e4\u00dfer Berufsaus\u00fcbung durch qualifizierte Mitarbeiter der STQsystems im Rahmen des vereinbarten Zeitraumes durchgef\u00fchrt wird. Die Auswahl der dienstleistenden Mitarbeiter bleibt der STQsystems vorbehalten. STQsystems darf sich auch freier Mitarbeiter und Subunternehmer bedienen.<\/p>\n<h5>\n\u00a7 3 Leistungsumfang<\/h5>\n<p>Die Aufgabenstellung, die Vorgehensweise und die Art der zu liefernden Arbeitsunterlagen werden in den Vereinbarungen der Vertragsparteien geregelt.<br \/>\nSTQsystems wird nur auf Basis eines von STQsystems schriftlich best\u00e4tigten Auftrages oder eines abgeschlossenen Vertrages t\u00e4tig, in denen die zu erbringenden Leistungen definiert sind. \u00c4nderungen, Erg\u00e4nzungen oder Erweiterungen der Aufgabenstellung, der Vorgehensweise und der Art der Arbeitsunterlagen bed\u00fcrfen einer besonderen schriftlichen Vereinbarung.<\/p>\n<h5>\n\u00a7 4 Verschwiegenheitspflicht<\/h5>\n<p>STQsystems ist verpflichtet, Informationen \u00fcber Betriebs- und Gesch\u00e4ftsgeheimnisse des Auftraggebers vertraulich zu behandeln, nicht an Dritte weiterzugeben und auf Wunsch von ihren Angestellten, freien Mitarbeitern oder Subunternehmen eine entsprechende Verpflichtungserkl\u00e4rung unterschreiben zu lassen.<\/p>\n<h5>\n\u00a7 5 Mitwirkungspflichten des Auftraggebers<\/h5>\n<p>1. Der Auftraggeber verpflichtet sich, die T\u00e4tigkeiten der STQsystems zu unterst\u00fctzen. Insbesondere schafft der Auftraggeber unentgeltlich alle Voraussetzungen im Bereich seiner Betriebssph\u00e4re, die zur ordnungsgem\u00e4\u00dfen Durchf\u00fchrung des Auftrages erforderlich sind. Zu diesen Voraussetzungen z\u00e4hlen u. a., dass der Auftraggeber<br \/>\n&#8211; Arbeitsr\u00e4ume f\u00fcr Mitarbeiter der STQsystems einschlie\u00dflich aller erforderlichen Arbeitsmittel nach Bedarf ausreichend zur Verf\u00fcgung stellt<br \/>\n&#8211; eine Kontaktperson benennt, die den Mitarbeitern der STQsystems w\u00e4hrend der vereinbarten Arbeitszeit zur Verf\u00fcgung steht; die Kontaktperson ist erm\u00e4chtigt, Erkl\u00e4rungen abzugeben, die im Rahmen der Fortf\u00fchrung des Auftrages als Zwischenentscheidung notwendig sind<br \/>\n&#8211; den Mitarbeitern der STQsystems jederzeit Zugang zu den f\u00fcr ihre T\u00e4tigkeit notwendigen Informationen verschafft und sie rechtzeitig mit allen erforderlichen Unterlagen versorgt<br \/>\n2. Der Auftraggeber steht daf\u00fcr ein, da\u00df die im Rahmen des Auftrages von STQsystems gefertigten Berichte, Konzepte, Entw\u00fcrfe, Zeichnungen, Aufstellungen, Berechnungen, Gutachten und sonstigen Unterlagen nur f\u00fcr seine eigenen Zwecke verwendet werden. Urheber- und sonstige Schutzrechte an den genannten Gegenst\u00e4nden verbleiben bei STQsystems.<\/p>\n<h5>\n\u00a7 6 Gew\u00e4hrleistungsanspr\u00fcche<\/h5>\n<p>STQsystems leistet im Rahmen der gesetzlichen Bestimmungen, l\u00e4ngstens zwei Jahre, Gew\u00e4hr daf\u00fcr, da\u00df die Werk- oder Dienstleistung den vertraglichen Vereinbarungen entspricht. Nach Ablauf dieser Frist sind etwaige Anspr\u00fcche wegen einer Mangelhaftigkeit der Werk- oder Dienstleistung ausgeschlossen.<\/p>\n<h5>\n\u00a7 7 Haftung und Schadensersatz<\/h5>\n<p>STQsystems schlie\u00dft die Haftung f\u00fcr leicht fahrl\u00e4ssige Pflichtverletzungen aus, sofern diese keine vertragswesentlichen Pflichten, Sch\u00e4den aus der Verletzung des Lebens, des K\u00f6rpers oder der Gesundheit oder Garantien betreffen oder Anspr\u00fcche nach dem Produkthaftungsgesetz ber\u00fchrt sind. Eine etwaige Haftung f\u00fcr Vertragspflichtverletzungen ist auf den Ersatz des im Zeitpunkt des Vertragsabschlusses voraussehbaren und nicht vom Auftraggeber beherrschbaren Schadens beschr\u00e4nkt. Der H\u00f6he nach ist ein etwaiger Schadensersatzanspruch beschr\u00e4nkt auf den Gesamtbetrag der vereinbarten Verg\u00fctung, h\u00f6chstens jedoch EURO 30.000,00. Eine weitergehende Haftung oder eine Haftung f\u00fcr Folgesch\u00e4den ist ausgeschlossen. Die Haftungsbeschr\u00e4nkung gem. diesem Absatz gilt auch f\u00fcr Pflichtverletzungen der Erf\u00fcllungsgehilfen von STQsystems.<\/p>\n<h5>\n\u00a7 8 H\u00f6here Gewalt<\/h5>\n<p>H\u00f6here Gewalt, Aufruhr, Streik, Aussperrung und unverschuldete erhebliche Betriebsst\u00f6rungen berechtigen STQsystems, die Erf\u00fcllung ihrer Verpflichtungen um die Dauer der Behinderung und um eine angemessene Anlaufzeit hinauszuschieben.<br \/>\n\u00a7 9 Annahmeverzug<br \/>\nKommt der Auftraggeber mit der Annahme der Dienste in Verzug oder unterl\u00e4\u00dft bzw. verz\u00f6gert der Auftraggeber eine ihm nach \u00a7 5 Abs. 1 oder sonstwie obliegende Mitwirkung, so kann STQsystems f\u00fcr infolgedessen nicht geleistete Dienste die vereinbarte Verg\u00fctung verlangen. Unber\u00fchrt bleiben die Anspr\u00fcche der STQsystems auf Ersatz der entstandenen Mehraufwendungen.<\/p>\n<h5>\n\u00a7 10 Vertragsdauer und K\u00fcndigung<\/h5>\n<p>Der Vertrag endet mit Ablauf der vereinbarten Zeit. Er kann jedoch schon vorher schriftlich mit einer Frist von 8 Wochen gek\u00fcndigt werden, wenn betriebliche Gr\u00fcnde des Auftraggebers dies erfordern. In diesem Falle regelt sich die Verg\u00fctung der STQsystems wie folgt:<br \/>\nF\u00fcr die bis zum Vertragsende geleisteten Dienste der STQsystems ist die volle Verg\u00fctung zu zahlen. F\u00fcr die infolge der vorzeitigen Beendigung nicht mehr zu leistenden Dienste entf\u00e4llt die Verg\u00fctung insoweit, als der STQsystems dadurch Aufwendungen erspart wurden und\/oder sie durch anderweitige Verwendung der damit freigewordenen Kr\u00e4fte Eink\u00fcnfte erzielt hat oder vors\u00e4tzlich zu erzielen unterlassen hat.<\/p>\n<h5>\n\u00a7 11 Treuepflichten<\/h5>\n<p>Auftraggeber und Auftragnehmer verpflichten sich zur gegenseitigen Loyalit\u00e4t. Zu unterlassen ist insbesondere die Einstellung oder sonstige Besch\u00e4ftigung von Mitarbeitern oder ehemaligen Mitarbeitern, die in Verbindung mit der Auftragsdurchf\u00fchrung t\u00e4tig gewesen sind, vor Ablauf von 12 Monaten nach Beendigung der Zusammenarbeit.<\/p>\n<h5>\n\u00a7 12 Honorare, Nebenkosten, Rechnungsstellung<\/h5>\n<p>1. Das Entgelt f\u00fcr die Dienste von STQsystems bzw. ihrer Mitarbeiter ist nach den von der STQsystems und ihren Mitarbeitern f\u00fcr ihre T\u00e4tigkeit aufgewendeten Zeiten einschlie\u00dflich Reisezeiten zu berechnen (Zeithonorare), soweit in besonderen F\u00e4llen nichts Abweichendes bestimmt wird.<br \/>\n2. Die H\u00f6he der Honorars\u00e4tze basiert auf dem bei Auftragserteilung g\u00fcltigen Honorarverzeichnis von STQsystems, sofern nichts anderes vereinbart worden ist.<br \/>\n3. STQsystems ist berechtigt, monatliche oder w\u00f6chentliche Teilrechnungen zu stellen.<br \/>\n4. Honorare und sonstige in Rechnung gestellte Betr\u00e4ge (z. B. Reisekosten, Spesen, Nebenkosten usw.) verstehen sich zuz\u00fcglich der jeweils g\u00fcltigen Mehrwertsteuer.<\/p>\n<h5>\n\u00a7 13 F\u00e4lligkeiten, Sicherungswerte<\/h5>\n<p>Rechnungen sind innerhalb von 10 Tagen ab Rechnungsdatum ohne Abzug zahlbar. Bei Verzug des Auftraggebers ist STQsystems gem. \u00a7\u00a7 284, 288 BGB berechtigt, Verzugszinsen zu berechnen. Dies gilt ungeachtet der Geltungmachung weiteren Schadens. STQsystems hat an vom Auftraggeber \u00fcbergebenen Unterlagen und an sonstigen Unterlagen, die bei der Durchf\u00fchrung des Auftrages entstehen, ein Zur\u00fcckbehaltungsrecht. Eine Aufrechnung von Gegenforderungen des Auftraggebers mit Forderungen von STQsystems ist m\u00f6glich, wenn die Gegenforderung unbestritten oder rechtskr\u00e4ftig festgestellt ist. Zur\u00fcckbehaltungsrechte des Auftraggebers wegen Anspr\u00fcchen aus anderen Vertragsverh\u00e4ltnissen sind ausgeschlossen.<\/p>\n<h5>\n\u00a7 14 Erf\u00fcllungsort, Gerichtsstand und anwendbares Recht<\/h5>\n<p>Erf\u00fcllungsort und Gerichtsstand f\u00fcr alle Verpflichtungen und Streitigkeiten aus dem Vertrag ist Elmshorn. Es ist ausschlie\u00dflich das Recht der Bundesrepublik Deutschland anzuwenden.<\/p>\n<h5>\n\u00a7 15 Teilnichtigkeit<\/h5>\n<p>Sollten Teile dieser Bestimmungen ganz oder teilweise nichtig oder unwirksam sein oder werden, gelten die \u00fcbrigen Bestimmungen gleichwohl fort. Die Parteien verpflichten sich, die unwirksamen Vorschriften durch wirtschaftlich gleichwertige zu ersetzen.<\/p>\n<h5>\n\u00a7 16 Schriftformklausel<\/h5>\n<p>Erg\u00e4nzungen und\/oder \u00c4nderungen auch dieser Schriftformklausel bed\u00fcrfen der Schriftform.<\/p>\n<p>STQsystems<br \/>\nUnternehmensberatung Dr. Waldemar Weinberg<br \/>\nKirchenstrasse 21<br \/>\n25368 Kiebitzreihe<br \/>\nUSt.-IdNr.:DE243933705<\/p>\n<\/div><\/section><\/div><\/p>\n","protected":false},"excerpt":{"rendered":"","protected":false},"author":1,"featured_media":0,"parent":0,"menu_order":0,"comment_status":"closed","ping_status":"closed","template":"","meta":[],"_links":{"self":[{"href":"https:\/\/stq2020.stqsystems.de\/index.php?rest_route=\/wp\/v2\/pages\/130"}],"collection":[{"href":"https:\/\/stq2020.stqsystems.de\/index.php?rest_route=\/wp\/v2\/pages"}],"about":[{"href":"https:\/\/stq2020.stqsystems.de\/index.php?rest_route=\/wp\/v2\/types\/page"}],"author":[{"embeddable":true,"href":"https:\/\/stq2020.stqsystems.de\/index.php?rest_route=\/wp\/v2\/users\/1"}],"replies":[{"embeddable":true,"href":"https:\/\/stq2020.stqsystems.de\/index.php?rest_route=%2Fwp%2Fv2%2Fcomments&post=130"}],"version-history":[{"count":2,"href":"https:\/\/stq2020.stqsystems.de\/index.php?rest_route=\/wp\/v2\/pages\/130\/revisions"}],"predecessor-version":[{"id":135,"href":"https:\/\/stq2020.stqsystems.de\/index.php?rest_route=\/wp\/v2\/pages\/130\/revisions\/135"}],"wp:attachment":[{"href":"https:\/\/stq2020.stqsystems.de\/index.php?rest_route=%2Fwp%2Fv2%2Fmedia&parent=130"}],"curies":[{"name":"wp","href":"https:\/\/api.w.org\/{rel}","templated":true}]}}