{"id":15,"date":"2020-03-16T10:33:21","date_gmt":"2020-03-16T10:33:21","guid":{"rendered":"http:\/\/stq2020.stqsystems.de\/?page_id=15"},"modified":"2020-08-20T13:56:52","modified_gmt":"2020-08-20T13:56:52","slug":"qualitaetsmanagement","status":"publish","type":"page","link":"https:\/\/stq2020.stqsystems.de\/","title":{"rendered":"Qualit\u00e4tsmanagement"},"content":{"rendered":"\n<style type=\"text\/css\" data-created_by=\"avia_inline_auto\" id=\"style-css-av-ur9j-d694c54e3d7973d1bb72b831e7cc9560\">\n.flex_column.av-ur9j-d694c54e3d7973d1bb72b831e7cc9560{\n-webkit-border-radius:0px 0px 0px 0px;\n-moz-border-radius:0px 0px 0px 0px;\nborder-radius:0px 0px 0px 0px;\npadding:0px 0px 0px 0px;\n}\n<\/style>\n<div class='flex_column av-ur9j-d694c54e3d7973d1bb72b831e7cc9560 av_one_full  avia-builder-el-0  el_before_av_two_fifth  avia-builder-el-first  first flex_column_div av-zero-column-padding '     ><style type=\"text\/css\" data-created_by=\"avia_inline_auto\" id=\"style-css-av-k83a4rz4-d8cc4cf7353a5035d97b030d1bdc0c8d\">\n.avia-image-container.av-k83a4rz4-d8cc4cf7353a5035d97b030d1bdc0c8d img.avia_image{\nbox-shadow:none;\n}\n.avia-image-container.av-k83a4rz4-d8cc4cf7353a5035d97b030d1bdc0c8d .av-image-caption-overlay-center{\ncolor:#ffffff;\n}\n<\/style>\n<div  class='avia-image-container av-k83a4rz4-d8cc4cf7353a5035d97b030d1bdc0c8d av-styling- avia-align-center  avia-builder-el-1  avia-builder-el-no-sibling '   itemprop=\"image\" itemscope=\"itemscope\" itemtype=\"https:\/\/schema.org\/ImageObject\" ><div class=\"avia-image-container-inner\"><div class=\"avia-image-overlay-wrap\"><img class='wp-image-27 avia-img-lazy-loading-not-27 avia_image ' src=\"https:\/\/stq2020.stqsystems.de\/wp-content\/uploads\/2020\/03\/StartbildSTQ_HP_WP_2015_2000x600.jpg\" alt='' title='Success ladder'  height=\"601\" width=\"2000\"  itemprop=\"thumbnailUrl\" srcset=\"https:\/\/stq2020.stqsystems.de\/wp-content\/uploads\/2020\/03\/StartbildSTQ_HP_WP_2015_2000x600.jpg 2000w, https:\/\/stq2020.stqsystems.de\/wp-content\/uploads\/2020\/03\/StartbildSTQ_HP_WP_2015_2000x600-300x90.jpg 300w, https:\/\/stq2020.stqsystems.de\/wp-content\/uploads\/2020\/03\/StartbildSTQ_HP_WP_2015_2000x600-1030x310.jpg 1030w, https:\/\/stq2020.stqsystems.de\/wp-content\/uploads\/2020\/03\/StartbildSTQ_HP_WP_2015_2000x600-768x231.jpg 768w, https:\/\/stq2020.stqsystems.de\/wp-content\/uploads\/2020\/03\/StartbildSTQ_HP_WP_2015_2000x600-1536x462.jpg 1536w, https:\/\/stq2020.stqsystems.de\/wp-content\/uploads\/2020\/03\/StartbildSTQ_HP_WP_2015_2000x600-1500x451.jpg 1500w, https:\/\/stq2020.stqsystems.de\/wp-content\/uploads\/2020\/03\/StartbildSTQ_HP_WP_2015_2000x600-705x212.jpg 705w\" sizes=\"(max-width: 2000px) 100vw, 2000px\" \/><\/div><\/div><\/div><\/div>\n\n<style type=\"text\/css\" data-created_by=\"avia_inline_auto\" id=\"style-css-av-2r0lf-175ed4f7cc501b8566c3b33f85d3e9e8\">\n.flex_column.av-2r0lf-175ed4f7cc501b8566c3b33f85d3e9e8{\n-webkit-border-radius:0px 0px 0px 0px;\n-moz-border-radius:0px 0px 0px 0px;\nborder-radius:0px 0px 0px 0px;\npadding:0px 0px 0px 0px;\n}\n<\/style>\n<div class='flex_column av-2r0lf-175ed4f7cc501b8566c3b33f85d3e9e8 av_two_fifth  avia-builder-el-2  el_after_av_one_full  el_before_av_one_fifth  first flex_column_div av-zero-column-padding column-top-margin'     ><section  class='av_textblock_section av-237nf-2617a8b976feae84a64f176c6de0bb01'  itemscope=\"itemscope\" itemtype=\"https:\/\/schema.org\/CreativeWork\" ><div class='avia_textblock'  itemprop=\"text\" ><h3 class=\"verdana\"><span class=\"stiblau\">\u201eQualit\u00e4t beginnt damit, die Zufriedenheit des Kunden in das Zentrum des Denkens zu stellen\u201c\u00a0<\/span><\/h3>\n<h1><\/h1>\n<h6 class=\"verdana\">(John F. Akers, IBM)<\/h6>\n<\/div><\/section><\/div>\n<style type=\"text\/css\" data-created_by=\"avia_inline_auto\" id=\"style-css-av-r9ez-394a7ee00dae5345d4bb76325b701c16\">\n.flex_column.av-r9ez-394a7ee00dae5345d4bb76325b701c16{\n-webkit-border-radius:0px 0px 0px 0px;\n-moz-border-radius:0px 0px 0px 0px;\nborder-radius:0px 0px 0px 0px;\npadding:0px 0px 0px 0px;\n}\n<\/style>\n<div class='flex_column av-r9ez-394a7ee00dae5345d4bb76325b701c16 av_one_fifth  avia-builder-el-4  el_after_av_two_fifth  el_before_av_one_third  flex_column_div av-zero-column-padding column-top-margin'     ><section  class='av_textblock_section av-kdx6xa7p-8407f57b44528990e7abec58a6bc3cd9'  itemscope=\"itemscope\" itemtype=\"https:\/\/schema.org\/CreativeWork\" ><div class='avia_textblock'  itemprop=\"text\" ><h5>Unsere Normen:<\/h5>\n<ul>\n<li>DIN EN ISO 9001:2015<\/li>\n<li>DIN EN ISO 14001:2015<\/li>\n<li>IATF 16949:2016<\/li>\n<li>EN ISO 13485:2016<\/li>\n<li>und erg\u00e4nzende Normen \/ Vorschriften<\/li>\n<\/ul>\n<\/div><\/section><\/div><\/p>\n\n<style type=\"text\/css\" data-created_by=\"avia_inline_auto\" id=\"style-css-av-1l2kb-f0005ee9aa280319e13cfd30bcb6c119\">\n.flex_column.av-1l2kb-f0005ee9aa280319e13cfd30bcb6c119{\n-webkit-border-radius:0px 0px 0px 0px;\n-moz-border-radius:0px 0px 0px 0px;\nborder-radius:0px 0px 0px 0px;\npadding:0px 0px 0px 0px;\n}\n<\/style>\n<div class='flex_column av-1l2kb-f0005ee9aa280319e13cfd30bcb6c119 av_one_third  avia-builder-el-6  el_after_av_one_fifth  el_before_av_one_third  flex_column_div av-zero-column-padding column-top-margin'     ><section  class='av_textblock_section av-yg7n-959bfef663a518e57d3363f5ba6c32a1'  itemscope=\"itemscope\" itemtype=\"https:\/\/schema.org\/CreativeWork\" ><div class='avia_textblock'  itemprop=\"text\" ><h4 class=\"verdana\"><span class=\"stiblau\"><strong>STQsystems<\/strong><\/span><\/h4>\n<p class=\"verdana\">ist ein spezialisiertes Unternehmen, das Technologieunternehmen dabei unterst\u00fctzt, Qualit\u00e4tssysteme zu entwickeln und st\u00e4ndig zu verbessern.<\/p>\n<p>Hierzu werden verschiedene Leistungsstufen angeboten (siehe unten).<\/p>\n<p>Weiterhin bieten wir die passenden Weiterbildungen zu aktuellen Themen an (s.a. <span class=\"stiblau2\">Seminare<\/span>), f\u00fchren spezielle Analysen f\u00fcr Sie durch (z.B. <span class=\"stiblau2\">Prozessanalyse<\/span> (BPMN, CMMI)) und stehen mit unseren Probleml\u00f6sungstechniken bei der L\u00f6sung schwieriger Probleme zur Seite (<span class=\"stiblau2\">trouble-shooting<\/span>).<\/p>\n<\/div><\/section><\/div>\n\n<style type=\"text\/css\" data-created_by=\"avia_inline_auto\" id=\"style-css-av-3aklv-93754cfdd914372073c9ea272be5e3e6\">\n.flex_column.av-3aklv-93754cfdd914372073c9ea272be5e3e6{\n-webkit-border-radius:0px 0px 0px 0px;\n-moz-border-radius:0px 0px 0px 0px;\nborder-radius:0px 0px 0px 0px;\npadding:0px 0px 0px 0px;\n}\n<\/style>\n<div class='flex_column av-3aklv-93754cfdd914372073c9ea272be5e3e6 av_one_third  avia-builder-el-8  el_after_av_one_third  el_before_av_two_third  first flex_column_div av-zero-column-padding column-top-margin'     ><style type=\"text\/css\" data-created_by=\"avia_inline_auto\" id=\"style-css-av-k88vclnj-d6f4303bc9f10bfa66867d5d7b185583\">\n.avia-image-container.av-k88vclnj-d6f4303bc9f10bfa66867d5d7b185583 img.avia_image{\nbox-shadow:none;\n}\n.avia-image-container.av-k88vclnj-d6f4303bc9f10bfa66867d5d7b185583 .av-image-caption-overlay-center{\ncolor:#ffffff;\n}\n<\/style>\n<div  class='avia-image-container av-k88vclnj-d6f4303bc9f10bfa66867d5d7b185583 av-styling- avia-align-center  avia-builder-el-9  avia-builder-el-no-sibling '   itemprop=\"image\" itemscope=\"itemscope\" itemtype=\"https:\/\/schema.org\/ImageObject\" ><div class=\"avia-image-container-inner\"><div class=\"avia-image-overlay-wrap\"><img class='wp-image-43 avia-img-lazy-loading-not-43 avia_image ' src=\"https:\/\/stq2020.stqsystems.de\/wp-content\/uploads\/2020\/03\/feet-footwear-staircase_cut.png\" alt='' title='feet-footwear-staircase_cut'  height=\"1470\" width=\"1000\"  itemprop=\"thumbnailUrl\" srcset=\"https:\/\/stq2020.stqsystems.de\/wp-content\/uploads\/2020\/03\/feet-footwear-staircase_cut.png 1000w, https:\/\/stq2020.stqsystems.de\/wp-content\/uploads\/2020\/03\/feet-footwear-staircase_cut-204x300.png 204w, https:\/\/stq2020.stqsystems.de\/wp-content\/uploads\/2020\/03\/feet-footwear-staircase_cut-701x1030.png 701w, https:\/\/stq2020.stqsystems.de\/wp-content\/uploads\/2020\/03\/feet-footwear-staircase_cut-768x1129.png 768w, https:\/\/stq2020.stqsystems.de\/wp-content\/uploads\/2020\/03\/feet-footwear-staircase_cut-480x705.png 480w\" sizes=\"(max-width: 1000px) 100vw, 1000px\" \/><\/div><\/div><\/div><\/div>\n\n<style type=\"text\/css\" data-created_by=\"avia_inline_auto\" id=\"style-css-av-2nc17-d4b7168134d34b47a2a9a3448acd5320\">\n.flex_column.av-2nc17-d4b7168134d34b47a2a9a3448acd5320{\n-webkit-border-radius:0px 0px 0px 0px;\n-moz-border-radius:0px 0px 0px 0px;\nborder-radius:0px 0px 0px 0px;\npadding:0px 0px 0px 0px;\n}\n<\/style>\n<div class='flex_column av-2nc17-d4b7168134d34b47a2a9a3448acd5320 av_two_third  avia-builder-el-10  el_after_av_one_third  el_before_av_hr  flex_column_div av-zero-column-padding column-top-margin'     ><div  class='togglecontainer av-k88urf4k-1e92d3ec46a3297f864ffa1696a3a3eb av-elegant-toggle  avia-builder-el-11  avia-builder-el-no-sibling  toggle_close_all' >\n<section class='av_toggle_section av-26hbj-034fa33c752cf36a555467854dbc8004'  itemscope=\"itemscope\" itemtype=\"https:\/\/schema.org\/CreativeWork\" ><div role=\"tablist\" class=\"single_toggle\" data-tags=\"{Alle} \"  ><p data-fake-id='#toggle-id-1' class='toggler   '  itemprop=\"headline\"  role='tab' tabindex='0' aria-controls='toggle-id-1'>Stufe 1<span class=\"toggle_icon\"><span class=\"vert_icon\"><\/span><span class=\"hor_icon\"><\/span><\/span><\/p><div id='toggle-id-1' class='toggle_wrap  '  ><div class='toggle_content invers-color '  itemprop=\"text\" ><h5>Der Start<\/h5>\n<p class=\"verdana\">Unternehmen, speziell im KMU-Bereich, die die Zertifizierung nach einer der genannten Qualit\u00e4tsnormen anstreben, werden von uns vom Start bis zum finalen Audit durch ein Zertifizierungsunternehmen begleitet.<\/p>\n<p><span class=\"stiblau1\">Unsere Leistungen:<\/span><\/p>\n<ul>\n<li class=\"verdana\"><span class=\"verdana1\">Analyse des Unternehmens und seiner Prozesse<\/span><\/li>\n<li class=\"verdana\"><span class=\"verdana1\">Erstellen der Prozesslandkarte<\/span><\/li>\n<li class=\"verdana\"><span class=\"verdana1\">Erstellen des QM-Handbuchs<\/span><\/li>\n<li class=\"verdana\"><span class=\"verdana1\">Erarbeiten aller Verfahrensanweisungen,Arbeitsan- weisungen und Betriebsanweisungen<\/span><\/li>\n<li class=\"verdana\"><span class=\"verdana1\">Zusammenstellen aller notwendigen Formulare und Vereinheitlichung derselben<\/span><\/li>\n<li class=\"verdana\"><span class=\"verdana1\">Durchf\u00fchrung der notwendigen Schulungen<\/span><\/li>\n<li class=\"verdana\"><span class=\"verdana1\">Begleitung durch die Audits<\/span><\/li>\n<\/ul>\n<p class=\"verdana\"><span class=\"stiblau\"><span class=\"verdana\"><span class=\"stiblau1\">Auch nach der Zertifizierung sind wir gerne f\u00fcr Sie\u00a0da:<\/span><\/span><\/span><\/p>\n<ul>\n<li class=\"verdana\"><span class=\"verdana1\">Auf Wunsch stellen wir den externen QMB<\/span><\/li>\n<li class=\"verdana\"><span class=\"verdana1\">Wir sind ebenso gerne als externer Auditor t\u00e4tig,\u00a0auch bei Lieferantenaudits in Ihrem Auftrag<\/span><\/li>\n<li class=\"verdana\"><span class=\"verdana1\">Durchf\u00fchrung notwendiger interner Audits\u00a0(Selbstinspektion)<\/span><\/li>\n<li class=\"verdana\"><span class=\"verdana1\">weitere Schulung Ihrer Mitarbeiter im Umgang\u00a0mit dem Thema (s.a. Seminare)<\/span><\/li>\n<li class=\"verdana\"><span class=\"verdana1\">Weiterf\u00fchrung zur Stufe 2<\/span><\/li>\n<\/ul>\n<\/div><\/div><\/div><\/section>\n<section class='av_toggle_section av-1g89b-1a949c533cca5eceb57dc47bb7d2743d'  itemscope=\"itemscope\" itemtype=\"https:\/\/schema.org\/CreativeWork\" ><div role=\"tablist\" class=\"single_toggle\" data-tags=\"{Alle} \"  ><p data-fake-id='#toggle-id-2' class='toggler   '  itemprop=\"headline\"  role='tab' tabindex='0' aria-controls='toggle-id-2'>Stufe 2<span class=\"toggle_icon\"><span class=\"vert_icon\"><\/span><span class=\"hor_icon\"><\/span><\/span><\/p><div id='toggle-id-2' class='toggle_wrap  '  ><div class='toggle_content invers-color '  itemprop=\"text\" ><h5 class=\"verdana\">\u201eNach dem Audit ist vor dem Audit!\u201c<\/h5>\n<p class=\"verdana\">Nach dem Erreichen der Zertifizierung geht es weiter!<br \/>\nJ\u00e4hrliche System\u00fcberpr\u00fcfungen und eine Rezertifizierung alle drei Jahre lassen keine Zeit f\u00fcr Stillstand. Wir unterst\u00fctzen Sie bei der weiteren Optimierung Ihres Systems und der Anpassung an die aktuellen Gegebenheiten. Auch die Normen leben!<\/p>\n<p class=\"verdana\"><span class=\"stiblau\"><span class=\"stiblau1\">Unsere Leistungen:<\/span><\/span><\/p>\n<ul>\n<li><span class=\"verdana\"><span class=\"liste2\">Einf\u00fchrung von FMEA<\/span><\/span><\/li>\n<li><span class=\"liste2\"><span class=\"verdana\">Optimierung\/Ausbau der Kontinuierlichen Verbesserungs-Prozesse (KVP)<br \/>\n<\/span><\/span><\/li>\n<li><span class=\"liste2\"><span class=\"verdana\">Aufbau Betriebliches Vorschlagswesen (Option)<br \/>\n<\/span><\/span><\/li>\n<li><span class=\"liste2\"><span class=\"verdana\">Durchf\u00fchrung notwendiger Interner Audits<br \/>\n<\/span><\/span><\/li>\n<li><span class=\"liste2\"><span class=\"verdana\">Schulung der Mitarbeiter in allen neuen Themen<br \/>\n<\/span><\/span><\/li>\n<li><span class=\"liste2\"><span class=\"verdana\">Begleitung durch die System- und Rezertifizierungs-Audits<br \/>\n<\/span><\/span><\/li>\n<li><span class=\"liste2\"><span class=\"verdana\">Aufrechterhaltung des aktuellen Stands Ihrer Vorgehensweisen<\/span><\/span><\/li>\n<\/ul>\n<\/div><\/div><\/div><\/section>\n<section class='av_toggle_section av-wfiz-78382285ff9e168b17433e6c73c9b794'  itemscope=\"itemscope\" itemtype=\"https:\/\/schema.org\/CreativeWork\" ><div role=\"tablist\" class=\"single_toggle\" data-tags=\"{Alle} \"  ><p data-fake-id='#toggle-id-3' class='toggler   '  itemprop=\"headline\"  role='tab' tabindex='0' aria-controls='toggle-id-3'>Stufe 3<span class=\"toggle_icon\"><span class=\"vert_icon\"><\/span><span class=\"hor_icon\"><\/span><\/span><\/p><div id='toggle-id-3' class='toggle_wrap  '  ><div class='toggle_content invers-color '  itemprop=\"text\" ><h5>Verfeinerung und Optimierung<\/h5>\n<p class=\"verdana\">Unternehmen, die bereits \u00fcber ein gut funktionierendes QS-System verf\u00fcgen, kennen die Vorteile und streben nach weiteren Optimierungen. Wir stehen gerne zur Verf\u00fcgung, um Sie \u00fcber die M\u00f6glichkeiten zu beraten und bei der Einf\u00fchrung zu unterst\u00fctzen.<\/p>\n<p class=\"verdana\">\n<p><span class=\"liste3\">Beratung, Schulung und Unterst\u00fctzung bei der Einf\u00fchrung weiterf\u00fchrender Techniken:<br \/>\n<\/span><\/p>\n<ul>\n<li class=\"Myriad\"><span class=\"verdana\"><span class=\"liste3\">DMAIC-Routine<\/span><\/span><\/li>\n<li><span class=\"verdana\"><span class=\"liste3\">Six Sigma Techniken<\/span><\/span><\/li>\n<li><span class=\"verdana\"><span class=\"liste3\">Six Sigma &#038; Lean<\/span><\/span><\/li>\n<li><span class=\"verdana\"><span class=\"liste3\">Design for X-Techniken<\/span><\/span><\/li>\n<li><span class=\"verdana\"><span class=\"liste3\">Verfeinerung der Techniken zur Risikoanalyse, z.B. FMEA<\/span><\/span><\/li>\n<li><span class=\"verdana\"><span class=\"liste3\">ggf. auch Techniken aus verwandten Normen: IQ \/ OQ \/ PQ-Systematik aus der Medizintechnik<\/span><\/span><\/li>\n<\/ul>\n<\/div><\/div><\/div><\/section>\n<\/div><\/div>\n\n<style type=\"text\/css\" data-created_by=\"avia_inline_auto\" id=\"style-css-av-kdylbmi7-f1675a3194992554d7c1cc0e81c34e8e\">\n#top .hr.av-kdylbmi7-f1675a3194992554d7c1cc0e81c34e8e{\nmargin-top:150;\nmargin-bottom:30px;\n}\n.hr.av-kdylbmi7-f1675a3194992554d7c1cc0e81c34e8e .hr-inner{\nwidth:50px;\n}\n<\/style>\n<div  class='hr av-kdylbmi7-f1675a3194992554d7c1cc0e81c34e8e hr-custom  avia-builder-el-12  el_after_av_two_third  avia-builder-el-last  hr-center hr-icon-no'><span class='hr-inner inner-border-av-border-none'><span class=\"hr-inner-style\"><\/span><\/span><\/div>\n","protected":false},"excerpt":{"rendered":"","protected":false},"author":1,"featured_media":0,"parent":0,"menu_order":0,"comment_status":"closed","ping_status":"closed","template":"","meta":[],"_links":{"self":[{"href":"https:\/\/stq2020.stqsystems.de\/index.php?rest_route=\/wp\/v2\/pages\/15"}],"collection":[{"href":"https:\/\/stq2020.stqsystems.de\/index.php?rest_route=\/wp\/v2\/pages"}],"about":[{"href":"https:\/\/stq2020.stqsystems.de\/index.php?rest_route=\/wp\/v2\/types\/page"}],"author":[{"embeddable":true,"href":"https:\/\/stq2020.stqsystems.de\/index.php?rest_route=\/wp\/v2\/users\/1"}],"replies":[{"embeddable":true,"href":"https:\/\/stq2020.stqsystems.de\/index.php?rest_route=%2Fwp%2Fv2%2Fcomments&post=15"}],"version-history":[{"count":20,"href":"https:\/\/stq2020.stqsystems.de\/index.php?rest_route=\/wp\/v2\/pages\/15\/revisions"}],"predecessor-version":[{"id":125,"href":"https:\/\/stq2020.stqsystems.de\/index.php?rest_route=\/wp\/v2\/pages\/15\/revisions\/125"}],"wp:attachment":[{"href":"https:\/\/stq2020.stqsystems.de\/index.php?rest_route=%2Fwp%2Fv2%2Fmedia&parent=15"}],"curies":[{"name":"wp","href":"https:\/\/api.w.org\/{rel}","templated":true}]}}